{"id":64,"date":"2023-05-18T10:29:33","date_gmt":"2023-05-18T10:29:33","guid":{"rendered":"https:\/\/sequeira-automation.com\/contact-us\/"},"modified":"2023-05-25T16:17:07","modified_gmt":"2023-05-25T16:17:07","slug":"contacto","status":"publish","type":"page","link":"https:\/\/sequeira-automation.com\/en\/contacto\/","title":{"rendered":"Contact us"},"content":{"rendered":"<div data-elementor-type=\"wp-page\" data-elementor-id=\"64\" class=\"elementor elementor-64\">\n\t\t\t\t\t\t<section class=\"elementor-section elementor-top-section elementor-element elementor-element-b7eab7 elementor-section-content-top elementor-section-full_width elementor-section-stretched elementor-section-height-default elementor-section-height-default\" data-id=\"b7eab7\" data-element_type=\"section\" data-e-type=\"section\" data-settings='{\"background_background\":\"classic\",\"stretch_section\":\"section-stretched\"}'>\n\t\t\t\t\t\t<div class=\"elementor-container elementor-column-gap-no\">\n\t\t\t\t\t<div class=\"elementor-column elementor-col-50 elementor-top-column elementor-element elementor-element-1f5505f4\" data-id=\"1f5505f4\" data-element_type=\"column\" data-e-type=\"column\">\n\t\t\t<div class=\"elementor-widget-wrap elementor-element-populated\">\n\t\t\t\t\t\t<section class=\"elementor-section elementor-inner-section elementor-element elementor-element-62d1f3e elementor-section-boxed elementor-section-height-default elementor-section-height-default\" data-id=\"62d1f3e\" data-element_type=\"section\" data-e-type=\"section\">\n\t\t\t\t\t\t<div class=\"elementor-container elementor-column-gap-no\">\n\t\t\t\t\t<div class=\"elementor-column elementor-col-100 elementor-inner-column elementor-element elementor-element-5a535a57\" data-id=\"5a535a57\" data-element_type=\"column\" data-e-type=\"column\">\n\t\t\t<div class=\"elementor-widget-wrap elementor-element-populated\">\n\t\t\t\t\t\t<div class=\"elementor-element elementor-element-19d53de3 elementor-invisible elementor-widget elementor-widget-heading\" data-id=\"19d53de3\" data-element_type=\"widget\" data-e-type=\"widget\" data-settings='{\"_animation\":\"fadeIn\"}' data-widget_type=\"heading.default\">\n\t\t\t\t<div class=\"elementor-widget-container\">\n\t\t\t\t\t<h1 class=\"elementor-heading-title elementor-size-default\"><a href=\"mailto:info@sequeira-automation.com\">Contact us<\/a><\/h1>\t\t\t\t<\/div>\n\t\t\t\t<\/div>\n\t\t\t\t<div class=\"elementor-element elementor-element-24d3015e elementor-hidden-mobile elementor-widget elementor-widget-spacer\" data-id=\"24d3015e\" data-element_type=\"widget\" data-e-type=\"widget\" data-widget_type=\"spacer.default\">\n\t\t\t\t<div class=\"elementor-widget-container\">\n\t\t\t\t\t\t\t<div class=\"elementor-spacer\">\n\t\t\t<div class=\"elementor-spacer-inner\"><\/div>\n\t\t<\/div>\n\t\t\t\t\t\t<\/div>\n\t\t\t\t<\/div>\n\t\t\t\t<div class=\"elementor-element elementor-element-d03c7ce elementor-widget elementor-widget-text-editor\" data-id=\"d03c7ce\" data-element_type=\"widget\" data-e-type=\"widget\" data-widget_type=\"text-editor.default\">\n\t\t\t\t<div class=\"elementor-widget-container\">\n\t\t\t\t\t\t\t\t\t<p>Don't forget to leave us your contact information and a brief description.\u00a0<\/p>\t\t\t\t\t\t\t\t<\/div>\n\t\t\t\t<\/div>\n\t\t\t\t<div class=\"elementor-element elementor-element-14c68e47 elementor-position-inline-start elementor-view-default elementor-mobile-position-block-start elementor-widget elementor-widget-icon-box\" data-id=\"14c68e47\" data-element_type=\"widget\" data-e-type=\"widget\" data-widget_type=\"icon-box.default\">\n\t\t\t\t<div class=\"elementor-widget-container\">\n\t\t\t\t\t\t\t<div class=\"elementor-icon-box-wrapper\">\n\n\t\t\t\t\t\t<div class=\"elementor-icon-box-icon\">\n\t\t\t\t<a href=\"mailto:info@sequeira-automation.com\" class=\"elementor-icon\" tabindex=\"-1\" aria-label=\"Contact information\">\n\t\t\t\t<svg xmlns=\"http:\/\/www.w3.org\/2000\/svg\" id=\"f7651d76-ee00-4083-9c64-2796abaebea1\" data-name=\"Layer 1\" width=\"45\" height=\"34.6149\" viewbox=\"0 0 45 34.6149\"><path d=\"M1,.7692V35.3841H46V.7692Zm43.06.9575L23.5,16.3357,2.9391,1.7267Zm-42.1029,32.7V2.2038L23.5,17.51,45.0425,2.2042V34.4266Z\" transform=\"translate(-1 -0.7692)\"><\/path><rect x=\"4.6152\" y=\"24.3289\" width=\"10.9615\" height=\"0.9575\"><\/rect><rect x=\"4.6152\" y=\"28.3672\" width=\"5.7695\" height=\"0.9574\"><\/rect><\/svg>\t\t\t\t<\/a>\n\t\t\t<\/div>\n\t\t\t\n\t\t\t\t\t\t<div class=\"elementor-icon-box-content\">\n\n\t\t\t\t\t\t\t\t\t<h4 class=\"elementor-icon-box-title\">\n\t\t\t\t\t\t<a href=\"mailto:info@sequeira-automation.com\">\n\t\t\t\t\t\t\tContact information\t\t\t\t\t\t<\/a>\n\t\t\t\t\t<\/h4>\n\t\t\t\t\n\t\t\t\t\t\t\t\t\t<p class=\"elementor-icon-box-description\">\n\t\t\t\t\t\t+34 655 401 895  <br>\ninfo@sequeira-automation.com\t\t\t\t\t<\/p>\n\t\t\t\t\n\t\t\t<\/div>\n\t\t\t\n\t\t<\/div>\n\t\t\t\t\t\t<\/div>\n\t\t\t\t<\/div>\n\t\t\t\t<div class=\"elementor-element elementor-element-44b31b21 elementor-position-inline-start elementor-view-default elementor-mobile-position-block-start elementor-widget elementor-widget-icon-box\" data-id=\"44b31b21\" data-element_type=\"widget\" data-e-type=\"widget\" data-widget_type=\"icon-box.default\">\n\t\t\t\t<div class=\"elementor-widget-container\">\n\t\t\t\t\t\t\t<div class=\"elementor-icon-box-wrapper\">\n\n\t\t\t\t\t\t<div class=\"elementor-icon-box-icon\">\n\t\t\t\t<span class=\"elementor-icon\">\n\t\t\t\t<svg xmlns=\"http:\/\/www.w3.org\/2000\/svg\" id=\"f4c81fb4-425f-4ac6-9e17-c0fe23bc1ab5\" data-name=\"Layer 1\" width=\"28.8462\" height=\"45\" viewbox=\"0 0 28.8462 45\"><path d=\"M22.7115,32.9362a90.8161,90.8161,0,0,0,4.96-9.147c1.4982-3.2848,2.2519-5.8716,2.2519-7.6861a14.4231,14.4231,0,0,0-28.8462,0c0,1.8145.7537,4.4013,2.2519,7.6861a90.8161,90.8161,0,0,0,4.96,9.147c1.861,3.0614,3.722,5.853,4.96,7.6489.093.14.1861.27.27.4a17.4648,17.4648,0,0,0-4.1408.7724,6.3447,6.3447,0,0,0-1.8518.9118,1.2729,1.2729,0,0,0,0,2.2519,6.1185,6.1185,0,0,0,1.8518.9119A20.0544,20.0544,0,0,0,15.5,46.68a20.0544,20.0544,0,0,0,6.1228-.8468,6.1185,6.1185,0,0,0,1.8518-.9119,1.2729,1.2729,0,0,0,0-2.2519,6.3447,6.3447,0,0,0-1.8518-.9118,17.5478,17.5478,0,0,0-4.15-.7724c.093-.13.1861-.2605.2791-.4C18.99,38.7892,20.8505,35.9976,22.7115,32.9362Zm-1.3864,9.7054a5.2549,5.2549,0,0,1,1.5726.763c.27.2047.3256.3535.3256.3908s-.0558.1861-.3256.3908a5.3739,5.3739,0,0,1-1.5726.763,18.9786,18.9786,0,0,1-5.8251.8,18.9786,18.9786,0,0,1-5.8251-.8,5.3739,5.3739,0,0,1-1.5726-.763c-.27-.2047-.3256-.3536-.3256-.3908s.0558-.1861.3256-.3908a5.2549,5.2549,0,0,1,1.5726-.763,17.46,17.46,0,0,1,4.4665-.7631c.2792.4095.53.7631.7352,1.0515l.6234.8654.6234-.8654c.2048-.2884.4467-.642.7352-1.0515A17.46,17.46,0,0,1,21.3251,42.6416ZM16.9888,40.064c-.2047.3071-.4094.5862-.5955.8561-.2326.3443-.456.6513-.6514.9212-.0837.13-.1674.2419-.2419.3536-.0745-.1117-.1582-.2233-.2419-.3536-.1954-.27-.4188-.5769-.6514-.9212-.1861-.27-.3908-.549-.5955-.8561-1.2283-1.7959-3.08-4.5688-4.9318-7.6117a90.6281,90.6281,0,0,1-4.9038-9.0447c-1.4423-3.1637-2.1682-5.62-2.1682-7.3045a13.4926,13.4926,0,1,1,26.9852,0c0,1.6842-.7259,4.1408-2.1682,7.3045a89.7474,89.7474,0,0,1-4.9038,9.0447C20.0688,35.4952,18.2171,38.2681,16.9888,40.064Z\" transform=\"translate(-1.0769 -1.68)\"><\/path><path d=\"M15.5,8.6031a5.7693,5.7693,0,1,0,5.7692,5.7692A5.7741,5.7741,0,0,0,15.5,8.6031Zm0,10.6079a4.8387,4.8387,0,1,1,4.8387-4.8387A4.8409,4.8409,0,0,1,15.5,19.211Z\" transform=\"translate(-1.0769 -1.68)\"><\/path><\/svg>\t\t\t\t<\/span>\n\t\t\t<\/div>\n\t\t\t\n\t\t\t\t\t\t<div class=\"elementor-icon-box-content\">\n\n\t\t\t\t\t\t\t\t\t<h4 class=\"elementor-icon-box-title\">\n\t\t\t\t\t\t<span data-epi-spacing>\n\t\t\t\t\t\t\tAddress\t\t\t\t\t\t<\/span>\n\t\t\t\t\t<\/h4>\n\t\t\t\t\n\t\t\t\t\t\t\t\t\t<p class=\"elementor-icon-box-description\">\n\t\t\t\t\t\tFrancisco Villaespesa 49, 28017, Madrid, Espa\u00f1a\t\t\t\t\t<\/p>\n\t\t\t\t\n\t\t\t<\/div>\n\t\t\t\n\t\t<\/div>\n\t\t\t\t\t\t<\/div>\n\t\t\t\t<\/div>\n\t\t\t\t\t<\/div>\n\t\t<\/div>\n\t\t\t\t\t<\/div>\n\t\t<\/section>\n\t\t\t\t\t<\/div>\n\t\t<\/div>\n\t\t\t\t<div class=\"elementor-column elementor-col-50 elementor-top-column elementor-element elementor-element-7628a2a\" data-id=\"7628a2a\" data-element_type=\"column\" data-e-type=\"column\">\n\t\t\t<div class=\"elementor-widget-wrap elementor-element-populated\">\n\t\t\t\t\t\t<section class=\"elementor-section elementor-inner-section elementor-element elementor-element-2fd7087 elementor-hidden-mobile elementor-section-boxed elementor-section-height-default elementor-section-height-default\" data-id=\"2fd7087\" data-element_type=\"section\" data-e-type=\"section\">\n\t\t\t\t\t\t<div class=\"elementor-container elementor-column-gap-no\">\n\t\t\t\t\t<div class=\"elementor-column elementor-col-100 elementor-inner-column elementor-element elementor-element-cfca352\" data-id=\"cfca352\" data-element_type=\"column\" data-e-type=\"column\">\n\t\t\t<div class=\"elementor-widget-wrap elementor-element-populated\">\n\t\t\t\t\t\t<div class=\"elementor-element elementor-element-8a46d8b elementor-widget__width-initial elementor-hidden-tablet elementor-widget elementor-widget-image\" data-id=\"8a46d8b\" data-element_type=\"widget\" data-e-type=\"widget\" data-widget_type=\"image.default\">\n\t\t\t\t<div class=\"elementor-widget-container\">\n\t\t\t\t\t\t\t\t\t\t\t\t\t\t\t<img fetchpriority=\"high\" decoding=\"async\" width=\"768\" height=\"541\" src=\"https:\/\/i0.wp.com\/sequeira-automation.com\/wp-content\/uploads\/2023\/05\/Seguridad.png?fit=768%2C541&amp;ssl=1\" class=\"attachment-medium_large size-medium_large wp-image-209\" alt=\"\" srcset=\"https:\/\/i0.wp.com\/sequeira-automation.com\/wp-content\/uploads\/2023\/05\/Seguridad.png?w=1310&amp;ssl=1 1310w, https:\/\/i0.wp.com\/sequeira-automation.com\/wp-content\/uploads\/2023\/05\/Seguridad.png?resize=300%2C211&amp;ssl=1 300w, https:\/\/i0.wp.com\/sequeira-automation.com\/wp-content\/uploads\/2023\/05\/Seguridad.png?resize=1024%2C721&amp;ssl=1 1024w, https:\/\/i0.wp.com\/sequeira-automation.com\/wp-content\/uploads\/2023\/05\/Seguridad.png?resize=768%2C541&amp;ssl=1 768w, https:\/\/i0.wp.com\/sequeira-automation.com\/wp-content\/uploads\/2023\/05\/Seguridad.png?resize=18%2C12&amp;ssl=1 18w\" sizes=\"(max-width: 768px) 100vw, 768px\">\t\t\t\t\t\t\t\t\t\t\t\t\t\t\t<\/div>\n\t\t\t\t<\/div>\n\t\t\t\t\t<\/div>\n\t\t<\/div>\n\t\t\t\t\t<\/div>\n\t\t<\/section>\n\t\t\t\t\t<\/div>\n\t\t<\/div>\n\t\t\t\t\t<\/div>\n\t\t<\/section>\n\t\t\t\t<section class=\"elementor-section elementor-top-section elementor-element elementor-element-73a6d85b elementor-section-content-middle elementor-section-full_width elementor-section-height-default elementor-section-height-default\" data-id=\"73a6d85b\" data-element_type=\"section\" data-e-type=\"section\">\n\t\t\t\t\t\t<div class=\"elementor-container elementor-column-gap-no\">\n\t\t\t\t\t<div class=\"elementor-column elementor-col-50 elementor-top-column elementor-element elementor-element-589426fa\" data-id=\"589426fa\" data-element_type=\"column\" data-e-type=\"column\" data-settings='{\"background_background\":\"classic\"}'>\n\t\t\t<div class=\"elementor-widget-wrap elementor-element-populated\">\n\t\t\t\t\t<div class=\"elementor-background-overlay\"><\/div>\n\t\t\t\t\t\t<div class=\"elementor-element elementor-element-63014aeb elementor-hidden-tablet elementor-hidden-mobile elementor-widget elementor-widget-google_maps\" data-id=\"63014aeb\" data-element_type=\"widget\" data-e-type=\"widget\" data-widget_type=\"google_maps.default\">\n\t\t\t\t<div class=\"elementor-widget-container\">\n\t\t\t\t\t\t\t<div class=\"elementor-custom-embed\">\n\t\t\t<div class=\"embed-privacy-container is-disabled embed-google-maps\" data-embed-id=\"oembed_e44c37e20246a6389de4f3439606d886\" data-embed-provider=\"google-maps\">\t\t\t\t\t\t<button type=\"button\" class=\"embed-privacy-enable screen-reader-text\">Display \"francisco villaespesa 49 madrid\" from Google Maps<\/button>\t\t\t\t\t\t<div class=\"embed-privacy-overlay\">\t\t\t\t<div class=\"embed-privacy-inner\">\t\t\t\t\t<div class=\"embed-privacy-logo\" style=\"background-image: url(https:\/\/sequeira-automation.com\/wp-content\/plugins\/embed-privacy\/assets\/images\/embed-google-maps.png?ver=1.12.3);\"><\/div>\t\t<p>\t\tClick here to display content from Google Maps.\t\t\t\t\t<br>\t\t\t\t\tLearn more in <a href=\"https:\/\/policies.google.com\/privacy?hl=en\" target=\"_blank\">Google Maps\u2019s privacy policy<\/a>.\t\t<\/p>\t\t<p class=\"embed-privacy-input-wrapper\">\t\t\t<input id=\"embed-privacy-store-google-maps-e44c37e20246a6389de4f3439606d886\" type=\"checkbox\" value=\"1\" class=\"embed-privacy-input\" data-embed-provider=\"google-maps\">\t\t\t<label for=\"embed-privacy-store-google-maps-e44c37e20246a6389de4f3439606d886\" class=\"embed-privacy-label\" data-embed-provider=\"google-maps\">\t\t\t\tAlways display content from Google Maps\t\t\t<\/label>\t\t<\/p>\t\t\t\t\t\t<\/div>\t\t\t\t\t\t\t\t<div class=\"embed-privacy-footer\"><span class=\"embed-privacy-url\"><a href=\"https:\/\/maps.google.com\/maps?q=francisco%20villaespesa%2049%20madrid&amp;t=m&amp;z=16&amp;output=embed&amp;iwloc=near\">Open \"francisco villaespesa 49 madrid\" directly<\/a><\/span><\/div>\t\t\t<\/div>\t\t\t\t\t\t<div class=\"embed-privacy-content\">\t\t\t\t<script>var _oembed_e44c37e20246a6389de4f3439606d886 = '{\\\"embed\\\":\\\"&lt;iframe loading=&quot;lazy&quot; src=&quot;https:\\\\\/\\\\\/maps.google.com\\\\\/maps?q=francisco%20villaespesa%2049%20madrid&amp;amp;t=m&amp;amp;z=16&amp;amp;output=embed&amp;amp;iwloc=near&quot; title=&quot;francisco villaespesa 49 madrid&quot; aria-label=&quot;francisco villaespesa 49 madrid&quot;&gt;&lt;\\\\\/iframe&gt;\\\"}';<\/script>\t\t\t<\/div>\t\t<\/div>\n\t\t<\/div>\n\t\t\t\t\t\t<\/div>\n\t\t\t\t<\/div>\n\t\t\t\t\t<\/div>\n\t\t<\/div>\n\t\t\t\t<div class=\"elementor-column elementor-col-50 elementor-top-column elementor-element elementor-element-13c279e0\" data-id=\"13c279e0\" data-element_type=\"column\" data-e-type=\"column\">\n\t\t\t<div class=\"elementor-widget-wrap elementor-element-populated\">\n\t\t\t\t\t\t<div class=\"elementor-element elementor-element-2f6338c elementor-widget elementor-widget-shortcode\" data-id=\"2f6338c\" data-element_type=\"widget\" data-e-type=\"widget\" data-widget_type=\"shortcode.default\">\n\t\t\t\t<div class=\"elementor-widget-container\">\n\t\t\t\t\t\t\t<div class=\"elementor-shortcode\">\n<div class=\"wpcf7 no-js\" id=\"wpcf7-f502-o1\" lang=\"es-ES\" dir=\"ltr\" data-wpcf7-id=\"502\">\n<div class=\"screen-reader-response\"><p role=\"status\" aria-live=\"polite\" aria-atomic=\"true\"><\/p> <ul><\/ul><\/div>\n<form action=\"\/en\/wp-json\/wp\/v2\/pages\/64#wpcf7-f502-o1\" method=\"post\" class=\"wpcf7-form init\" aria-label=\"Formulario de contacto\" novalidate=\"novalidate\" data-status=\"init\" data-trp-original-action=\"\/en\/wp-json\/wp\/v2\/pages\/64#wpcf7-f502-o1\">\n<fieldset class=\"hidden-fields-container\"><input type=\"hidden\" name=\"_wpcf7\" value=\"502\"><input type=\"hidden\" name=\"_wpcf7_version\" value=\"6.1.5\"><input type=\"hidden\" name=\"_wpcf7_locale\" value=\"es_ES\"><input type=\"hidden\" name=\"_wpcf7_unit_tag\" value=\"wpcf7-f502-o1\"><input type=\"hidden\" name=\"_wpcf7_container_post\" value=\"0\"><input type=\"hidden\" name=\"_wpcf7_posted_data_hash\" value=\"\">\n<\/fieldset>\n<p><label> Name<br data-epi-spacing>\n<span class=\"wpcf7-form-control-wrap\" data-name=\"your-name\"><input size=\"40\" maxlength=\"400\" class=\"wpcf7-form-control wpcf7-text\" autocomplete=\"name\" aria-invalid=\"false\" value=\"\" type=\"text\" name=\"your-name\"><\/span> <\/label>\n<\/p>\n<p><label> Email<br data-epi-spacing>\n<span class=\"wpcf7-form-control-wrap\" data-name=\"your-email\"><input size=\"40\" maxlength=\"400\" class=\"wpcf7-form-control wpcf7-email wpcf7-validates-as-required wpcf7-text wpcf7-validates-as-email\" autocomplete=\"email\" aria-required=\"true\" aria-invalid=\"false\" value=\"\" type=\"email\" name=\"your-email\"><\/span> <\/label>\n<\/p>\n<p><label> Phone number<br data-epi-spacing>\n<span class=\"wpcf7-form-control-wrap\" data-name=\"tel-458\"><input size=\"40\" maxlength=\"400\" class=\"wpcf7-form-control wpcf7-tel wpcf7-text wpcf7-validates-as-tel\" aria-invalid=\"false\" value=\"\" type=\"tel\" name=\"tel-458\"><\/span><\/label>\n<\/p>\n<p><label> Description<br data-epi-spacing>\n<span class=\"wpcf7-form-control-wrap\" data-name=\"your-message\"><textarea cols=\"40\" rows=\"10\" maxlength=\"2000\" class=\"wpcf7-form-control wpcf7-textarea\" aria-invalid=\"false\" name=\"your-message\"><\/textarea><\/span> <\/label>\n<\/p>\n<p><input class=\"wpcf7-form-control wpcf7-submit has-spinner\" type=\"submit\" value=\"Send\">\n<\/p><div class=\"wpcf7-response-output\" aria-hidden=\"true\"><\/div>\n<input type=\"hidden\" name=\"trp-form-language\" value=\"en\"\/><\/form>\n<\/div>\n<\/div>\n\t\t\t\t\t\t<\/div>\n\t\t\t\t<\/div>\n\t\t\t\t\t<\/div>\n\t\t<\/div>\n\t\t\t\t\t<\/div>\n\t\t<\/section>\n\t\t\t\t<\/div>","protected":false},"excerpt":{"rendered":"<p>Cont\u00e1ctanos No olvides dejarnos tu informaci\u00f3n de contacto y una breve descripci\u00f3n\u00a0 Informaci\u00f3n de contacto +34 655 401 895 info@sequeira-automation.com Direcci\u00f3n Francisco Villaespesa 49, 28017, Madrid, Espa\u00f1a Display \u00abfrancisco villaespesa [&hellip;]<\/p>\n","protected":false},"author":1,"featured_media":0,"parent":0,"menu_order":0,"comment_status":"closed","ping_status":"closed","template":"","meta":{"footnotes":""},"class_list":["post-64","page","type-page","status-publish","hentry"],"yoast_head":"<!-- This site is optimized with the Yoast SEO plugin v27.3 - https:\/\/yoast.com\/product\/yoast-seo-wordpress\/ -->\n<title>Cont\u00e1ctanos - Sequeira-Automation<\/title>\n<meta name=\"robots\" content=\"index, follow, max-snippet:-1, max-image-preview:large, max-video-preview:-1\" \/>\n<link rel=\"canonical\" href=\"https:\/\/sequeira-automation.com\/en\/contacto\/\" \/>\n<meta property=\"og:locale\" content=\"en_US\" \/>\n<meta property=\"og:type\" content=\"article\" \/>\n<meta property=\"og:title\" content=\"Cont\u00e1ctanos - Sequeira-Automation\" \/>\n<meta property=\"og:description\" content=\"Cont\u00e1ctanos No olvides dejarnos tu informaci\u00f3n de contacto y una breve descripci\u00f3n\u00a0 Informaci\u00f3n de contacto +34 655 401 895 info@sequeira-automation.com Direcci\u00f3n Francisco Villaespesa 49, 28017, Madrid, Espa\u00f1a Display \u00abfrancisco villaespesa [&hellip;]\" \/>\n<meta property=\"og:url\" content=\"https:\/\/sequeira-automation.com\/en\/contacto\/\" \/>\n<meta property=\"og:site_name\" content=\"Sequeira-Automation\" \/>\n<meta property=\"article:modified_time\" content=\"2023-05-25T16:17:07+00:00\" \/>\n<meta property=\"og:image\" content=\"https:\/\/sequeira-automation.com\/wp-content\/uploads\/2023\/05\/Seguridad-768x541.png\" \/>\n<meta name=\"twitter:card\" content=\"summary_large_image\" \/>\n<meta name=\"twitter:label1\" content=\"Est. reading time\" \/>\n\t<meta name=\"twitter:data1\" content=\"1 minute\" \/>\n<script type=\"application\/ld+json\" class=\"yoast-schema-graph\">{\"@context\":\"https:\\\/\\\/schema.org\",\"@graph\":[{\"@type\":\"WebPage\",\"@id\":\"https:\\\/\\\/sequeira-automation.com\\\/contacto\\\/\",\"url\":\"https:\\\/\\\/sequeira-automation.com\\\/contacto\\\/\",\"name\":\"Cont\u00e1ctanos - Sequeira-Automation\",\"isPartOf\":{\"@id\":\"https:\\\/\\\/sequeira-automation.com\\\/#website\"},\"primaryImageOfPage\":{\"@id\":\"https:\\\/\\\/sequeira-automation.com\\\/contacto\\\/#primaryimage\"},\"image\":{\"@id\":\"https:\\\/\\\/sequeira-automation.com\\\/contacto\\\/#primaryimage\"},\"thumbnailUrl\":\"https:\\\/\\\/sequeira-automation.com\\\/wp-content\\\/uploads\\\/2023\\\/05\\\/Seguridad-768x541.png\",\"datePublished\":\"2023-05-18T10:29:33+00:00\",\"dateModified\":\"2023-05-25T16:17:07+00:00\",\"inLanguage\":\"en-US\",\"potentialAction\":[{\"@type\":\"ReadAction\",\"target\":[\"https:\\\/\\\/sequeira-automation.com\\\/contacto\\\/\"]}]},{\"@type\":\"ImageObject\",\"inLanguage\":\"en-US\",\"@id\":\"https:\\\/\\\/sequeira-automation.com\\\/contacto\\\/#primaryimage\",\"url\":\"https:\\\/\\\/sequeira-automation.com\\\/wp-content\\\/uploads\\\/2023\\\/05\\\/Seguridad-768x541.png\",\"contentUrl\":\"https:\\\/\\\/sequeira-automation.com\\\/wp-content\\\/uploads\\\/2023\\\/05\\\/Seguridad-768x541.png\"},{\"@type\":\"WebSite\",\"@id\":\"https:\\\/\\\/sequeira-automation.com\\\/#website\",\"url\":\"https:\\\/\\\/sequeira-automation.com\\\/\",\"name\":\"Sequeira-Automation\",\"description\":\"Automatizaci&oacute;n y rob&oacute;tica industrial\",\"publisher\":{\"@id\":\"https:\\\/\\\/sequeira-automation.com\\\/#organization\"},\"potentialAction\":[{\"@type\":\"SearchAction\",\"target\":{\"@type\":\"EntryPoint\",\"urlTemplate\":\"https:\\\/\\\/sequeira-automation.com\\\/?s={search_term_string}\"},\"query-input\":{\"@type\":\"PropertyValueSpecification\",\"valueRequired\":true,\"valueName\":\"search_term_string\"}}],\"inLanguage\":\"en-US\"},{\"@type\":\"Organization\",\"@id\":\"https:\\\/\\\/sequeira-automation.com\\\/#organization\",\"name\":\"Sequeira-Automation\",\"url\":\"https:\\\/\\\/sequeira-automation.com\\\/\",\"logo\":{\"@type\":\"ImageObject\",\"inLanguage\":\"en-US\",\"@id\":\"https:\\\/\\\/sequeira-automation.com\\\/#\\\/schema\\\/logo\\\/image\\\/\",\"url\":\"https:\\\/\\\/i0.wp.com\\\/sequeira-automation.com\\\/wp-content\\\/uploads\\\/2023\\\/05\\\/Artboard-7.png?fit=112%2C113&ssl=1\",\"contentUrl\":\"https:\\\/\\\/i0.wp.com\\\/sequeira-automation.com\\\/wp-content\\\/uploads\\\/2023\\\/05\\\/Artboard-7.png?fit=112%2C113&ssl=1\",\"width\":112,\"height\":113,\"caption\":\"Sequeira-Automation\"},\"image\":{\"@id\":\"https:\\\/\\\/sequeira-automation.com\\\/#\\\/schema\\\/logo\\\/image\\\/\"}}]}<\/script>\n<!-- \/ Yoast SEO plugin. -->","yoast_head_json":{"title":"Cont\u00e1ctanos - Sequeira-Automation","robots":{"index":"index","follow":"follow","max-snippet":"max-snippet:-1","max-image-preview":"max-image-preview:large","max-video-preview":"max-video-preview:-1"},"canonical":"https:\/\/sequeira-automation.com\/en\/contacto\/","og_locale":"en_US","og_type":"article","og_title":"Cont\u00e1ctanos - Sequeira-Automation","og_description":"Cont\u00e1ctanos No olvides dejarnos tu informaci\u00f3n de contacto y una breve descripci\u00f3n\u00a0 Informaci\u00f3n de contacto +34 655 401 895 info@sequeira-automation.com Direcci\u00f3n Francisco Villaespesa 49, 28017, Madrid, Espa\u00f1a Display \u00abfrancisco villaespesa [&hellip;]","og_url":"https:\/\/sequeira-automation.com\/en\/contacto\/","og_site_name":"Sequeira-Automation","article_modified_time":"2023-05-25T16:17:07+00:00","og_image":[{"url":"https:\/\/sequeira-automation.com\/wp-content\/uploads\/2023\/05\/Seguridad-768x541.png","type":"","width":"","height":""}],"twitter_card":"summary_large_image","twitter_misc":{"Est. reading time":"1 minute"},"schema":{"@context":"https:\/\/schema.org","@graph":[{"@type":"WebPage","@id":"https:\/\/sequeira-automation.com\/contacto\/","url":"https:\/\/sequeira-automation.com\/contacto\/","name":"Cont\u00e1ctanos - Sequeira-Automation","isPartOf":{"@id":"https:\/\/sequeira-automation.com\/#website"},"primaryImageOfPage":{"@id":"https:\/\/sequeira-automation.com\/contacto\/#primaryimage"},"image":{"@id":"https:\/\/sequeira-automation.com\/contacto\/#primaryimage"},"thumbnailUrl":"https:\/\/sequeira-automation.com\/wp-content\/uploads\/2023\/05\/Seguridad-768x541.png","datePublished":"2023-05-18T10:29:33+00:00","dateModified":"2023-05-25T16:17:07+00:00","inLanguage":"en-US","potentialAction":[{"@type":"ReadAction","target":["https:\/\/sequeira-automation.com\/contacto\/"]}]},{"@type":"ImageObject","inLanguage":"en-US","@id":"https:\/\/sequeira-automation.com\/contacto\/#primaryimage","url":"https:\/\/sequeira-automation.com\/wp-content\/uploads\/2023\/05\/Seguridad-768x541.png","contentUrl":"https:\/\/sequeira-automation.com\/wp-content\/uploads\/2023\/05\/Seguridad-768x541.png"},{"@type":"WebSite","@id":"https:\/\/sequeira-automation.com\/#website","url":"https:\/\/sequeira-automation.com\/","name":"Sequeira-Automation","description":"Robotics and industrial automation","publisher":{"@id":"https:\/\/sequeira-automation.com\/#organization"},"potentialAction":[{"@type":"SearchAction","target":{"@type":"EntryPoint","urlTemplate":"https:\/\/sequeira-automation.com\/?s={search_term_string}"},"query-input":{"@type":"PropertyValueSpecification","valueRequired":true,"valueName":"search_term_string"}}],"inLanguage":"en-US"},{"@type":"Organization","@id":"https:\/\/sequeira-automation.com\/#organization","name":"Sequeira-Automation","url":"https:\/\/sequeira-automation.com\/","logo":{"@type":"ImageObject","inLanguage":"en-US","@id":"https:\/\/sequeira-automation.com\/#\/schema\/logo\/image\/","url":"https:\/\/i0.wp.com\/sequeira-automation.com\/wp-content\/uploads\/2023\/05\/Artboard-7.png?fit=112%2C113&ssl=1","contentUrl":"https:\/\/i0.wp.com\/sequeira-automation.com\/wp-content\/uploads\/2023\/05\/Artboard-7.png?fit=112%2C113&ssl=1","width":112,"height":113,"caption":"Sequeira-Automation"},"image":{"@id":"https:\/\/sequeira-automation.com\/#\/schema\/logo\/image\/"}}]}},"jetpack-related-posts":[],"jetpack_sharing_enabled":true,"_links":{"self":[{"href":"https:\/\/sequeira-automation.com\/en\/wp-json\/wp\/v2\/pages\/64","targetHints":{"allow":["GET"]}}],"collection":[{"href":"https:\/\/sequeira-automation.com\/en\/wp-json\/wp\/v2\/pages"}],"about":[{"href":"https:\/\/sequeira-automation.com\/en\/wp-json\/wp\/v2\/types\/page"}],"author":[{"embeddable":true,"href":"https:\/\/sequeira-automation.com\/en\/wp-json\/wp\/v2\/users\/1"}],"replies":[{"embeddable":true,"href":"https:\/\/sequeira-automation.com\/en\/wp-json\/wp\/v2\/comments?post=64"}],"version-history":[{"count":69,"href":"https:\/\/sequeira-automation.com\/en\/wp-json\/wp\/v2\/pages\/64\/revisions"}],"predecessor-version":[{"id":545,"href":"https:\/\/sequeira-automation.com\/en\/wp-json\/wp\/v2\/pages\/64\/revisions\/545"}],"wp:attachment":[{"href":"https:\/\/sequeira-automation.com\/en\/wp-json\/wp\/v2\/media?parent=64"}],"curies":[{"name":"wp","href":"https:\/\/api.w.org\/{rel}","templated":true}]}}